{"id":3667,"date":"2017-05-10T13:50:13","date_gmt":"2017-05-10T13:50:13","guid":{"rendered":"http:\/\/brandexponents.com\/oshin\/v30\/?page_id=4"},"modified":"2023-11-06T21:24:08","modified_gmt":"2023-11-06T20:24:08","slug":"home","status":"publish","type":"page","link":"https:\/\/mayki-art.com\/","title":{"rendered":"Home v29"},"content":{"rendered":"<div  class=\"tatsu-fqpawzeigv2fn79e tatsu-section    tatsu-clearfix\" data-title=\"\"  data-headerscheme=\"background--dark\"><div class='tatsu-section-pad clearfix' data-padding='{\"d\":\"40px 0px 100px 0px \"}' data-padding-top='40px'><div class=\"tatsu-row-wrap  tatsu-wrap tatsu-row-one-col tatsu-row-has-one-cols tatsu-medium-gutter tatsu-reg-cols  tatsu-clearfix tatsu-fqpawzeihtanwaou\" ><div  class=\"tatsu-row \" ><div  class=\"tatsu-column  tatsu-column-no-bg tatsu-one-col tatsu-column-image-none tatsu-column-effect-none  tatsu-fqpawzeii68ukort\"  data-parallax-speed=\"0\" style=\"\"><div class=\"tatsu-column-inner \" ><div class=\"tatsu-column-pad-wrap\"><div class=\"tatsu-column-pad\" ><div  class = \"oshine-module special-heading-wrap  tatsu-fqpawzeiitfmno5u style6 tatsu-animate  \" data-animation=\"fadeInUp\"  ><style>.tatsu-fqpawzeiitfmno5u.special-heading-wrap.style6{font-size: 20px;margin: 0px 0px 20px 0px;text-align: left;}.tatsu-fqpawzeiitfmno5u.special-heading-wrap.style6 .be-title{letter-spacing: 2px;color: #222222 ;}.tatsu-fqpawzeiitfmno5u.special-heading-wrap.style6 .be-border {background: rgba(73,155,152,1);}.tatsu-fqpawzeiitfmno5u.style6 .special-heading-inner-wrap:hover .be-title{color: #ffffff ;}<\/style><div class = \"special-heading-inner-wrap be-border-style1 be-expand\" ><div class = \"be-border\" ><\/div><h6 class = \"be-title\">WELCOME HOME<\/h6><\/div><\/div><div  class=\"tatsu-module tatsu-inline-text clearfix tatsu-fqpawzeimm3e2ayu   tatsu-animate\" data-animation=\"fadeInUp\" data-animation-delay=\"300\" ><style>.tatsu-fqpawzeimm3e2ayu .tatsu-inline-text-inner{width: 83%;text-align: left;}<\/style><div class=\"tatsu-inline-text-inner \">\n<h2>Directeur Artistique &amp; Digital Artist bas&eacute; &agrave; Paris, cr&eacute;ant des univers harmonieux et novateurs. Au plaisir de mettre ma cr&eacute;ativit&eacute; &agrave; disposition de vos projets.<\/h2>\n<\/div><\/div><\/div><\/div><div class = \"tatsu-column-bg-image-wrap\"><div class = \"tatsu-column-bg-image\" ><\/div><\/div><\/div><style>.tatsu-row > .tatsu-fqpawzeii68ukort.tatsu-column{width: 100%;}.tatsu-fqpawzeii68ukort.tatsu-column > .tatsu-column-inner > .tatsu-column-overlay{mix-blend-mode: none;}.tatsu-fqpawzeii68ukort > .tatsu-column-inner > .tatsu-top-divider{z-index: 9999;}.tatsu-fqpawzeii68ukort > .tatsu-column-inner > .tatsu-bottom-divider{z-index: 9999;}.tatsu-fqpawzeii68ukort > .tatsu-column-inner > .tatsu-left-divider{z-index: 9999;}.tatsu-fqpawzeii68ukort > .tatsu-column-inner > .tatsu-right-divider{z-index: 9999;}<\/style><\/div><\/div><\/div><\/div><div class=\"tatsu-section-background-wrap\"><div class = \"tatsu-section-background\" ><\/div><\/div><style>.tatsu-fqpawzeigv2fn79e .tatsu-section-pad{padding: 40px 0px 100px 0px ;}.tatsu-fqpawzeigv2fn79e > .tatsu-bottom-divider{z-index: 9999;}.tatsu-fqpawzeigv2fn79e > .tatsu-top-divider{z-index: 9999;}<\/style><\/div><div  class=\"tatsu-fqpawzeipt5lugj tatsu-section    tatsu-clearfix\" data-title=\"\"  data-headerscheme=\"background--dark\"><div class='tatsu-section-pad clearfix' data-padding='{\"d\":\"0px 0% 90px 0% \"}' data-padding-top='0px'><div class=\"tatsu-row-wrap  tatsu-wrap tatsu-row-one-col tatsu-row-has-one-cols tatsu-medium-gutter tatsu-reg-cols  tatsu-clearfix tatsu-fqpawzeiqe7zthxc\" ><div  class=\"tatsu-row \" ><div  class=\"tatsu-column  tatsu-column-no-bg tatsu-one-col tatsu-column-image-none tatsu-column-effect-none  tatsu-fqpawzeiqpc180lx\"  data-parallax-speed=\"0\" style=\"\"><div class=\"tatsu-column-inner \" ><div class=\"tatsu-column-pad-wrap\"><div class=\"tatsu-column-pad\" ><div  class = \"portfolio-all-wrap oshine-portfolio-module tatsu-fqpawzeir93dtmsp\"  > <div class=\"portfolio portfolio-delay-load full-screen be-portfolio-prebuilt-hover-style4 portfolio-lazy-load full-screen-gutter masonry_disable style2-gutter three-col \" data-animation = \"fadeInUp\" data-action=\"get_ajax_full_screen_gutter_portfolio\" data-category=\"\" data-aspect-ratio = \"1.33\" data-enable-masonry=\"0\" data-showposts=\"-1\" data-paged=\"2\" data-col=\"three\" data-gallery=\"0\" data-filter=\"portfolio_categories\" data-meta_to_show=\"portfolio_categories\" data-show_filters=\"no\" data-thumbnail-bg-color=\"\" data-thumbnail-bg-gradient=\"background:rgba(255,255,255,1)\" data-placeholder-color=\"rgba(236,236,236,1)\" data-cat-color=\"rgba(0,0,0,0.8)\" data-title-color=\"rgba(0,0,0,0.8)\" data-gutter-width=\"30\" data-img-grayscale=\"c_to_c\" data-prebuilt-hover-style=\"style4\"\" data-gradient-style-color=\"background:rgba(255,255,255,1)\" data-cat-hide=\"0\" data-like-indicator=\"1\" style=\"margin-left: -30px;\"><div class=\"portfolio-container clickable clearfix portfolio-shortcode  init-slide-bottom \"><div class=\"element be-hoverlay not-wide no-wide-width-height  c_to_c\"style=\"margin-bottom: 30px;\" data-category-names = \"\"><div class=\"element-inner\" style=\"margin-left: 30px;\"><a href=\"https:\/\/mayki-art.com\/?portfolio=xd-game-launcher\" class=\" thumb-wrap   \" data-gdpr-atts={} title=\"COVER1\" ><div class=\"flip-wrap\" ><div   style = \"padding-bottom : 75.187969924812%;background-color:rgba(236,236,236,1);\" class=\"flip-img-wrap\"><img decoding=\"async\" src=\"https:\/\/mayki-art.com\/wp-content\/uploads\/2023\/08\/COVER1-650x489.png\" alt=\"\"\/><\/div><\/div><div class=\"thumb-overlay \"><div class=\"thumb-bg \" style=\"background:rgba(255,255,255,1)\"><div class=\"thumb-title-wrap \"><div class=\"thumb-title \" style=\"color:rgba(0,0,0,0.8);\"><div class = \"thumb-title-inner-wrap\">XD Game \u2013 Launcher<\/div><\/div><div class=\"portfolio-item-cats \" style=\"color:rgba(0,0,0,0.8);\"><div class = \"portfolio-item-cats-inner-wrap\"><span>Design<\/span><span> &middot; <\/span><span>illustration<\/span><span> &middot; <\/span><span>Mobile<\/span><span> &middot; <\/span><span>Web<\/span><\/div><\/div><\/div><\/div><\/div><\/a><\/div><\/div><div class=\"element be-hoverlay not-wide no-wide-width-height  c_to_c\"style=\"margin-bottom: 30px;\" data-category-names = \"\"><div class=\"element-inner\" style=\"margin-left: 30px;\"><a href=\"https:\/\/mayki-art.com\/?portfolio=page-builder\" class=\" thumb-wrap   \" data-gdpr-atts={} title=\"1\" ><div class=\"flip-wrap\" ><div   style = \"padding-bottom : 75.187969924812%;background-color:rgba(236,236,236,1);\" class=\"flip-img-wrap\"><img decoding=\"async\" src=\"https:\/\/mayki-art.com\/wp-content\/uploads\/2014\/11\/1-650x489.jpg\" alt=\"\"\/><\/div><\/div><div class=\"thumb-overlay \"><div class=\"thumb-bg \" style=\"background:rgba(255,255,255,1)\"><div class=\"thumb-title-wrap \"><div class=\"thumb-title \" style=\"color:rgba(0,0,0,0.8);\"><div class = \"thumb-title-inner-wrap\">NRJ Visuels CGV Digital<\/div><\/div><div class=\"portfolio-item-cats \" style=\"color:rgba(0,0,0,0.8);\"><div class = \"portfolio-item-cats-inner-wrap\"><span>Design<\/span><span> &middot; <\/span><span>Mobile<\/span><span> &middot; <\/span><span>Web<\/span><\/div><\/div><\/div><\/div><\/div><\/a><\/div><\/div><div class=\"element be-hoverlay not-wide no-wide-width-height  c_to_c\"style=\"margin-bottom: 30px;\" data-category-names = \"\"><div class=\"element-inner\" style=\"margin-left: 30px;\"><a href=\"https:\/\/mayki-art.com\/?portfolio=club-med\" class=\" thumb-wrap   \" data-gdpr-atts={} title=\"Club-Med-cover\" ><div class=\"flip-wrap\" ><div   style = \"padding-bottom : 75.187969924812%;background-color:rgba(236,236,236,1);\" class=\"flip-img-wrap\"><img decoding=\"async\" src=\"https:\/\/mayki-art.com\/wp-content\/uploads\/2023\/08\/Club-Med-cover-650x489.jpg\" alt=\"\"\/><\/div><\/div><div class=\"thumb-overlay \"><div class=\"thumb-bg \" style=\"background:rgba(255,255,255,1)\"><div class=\"thumb-title-wrap \"><div class=\"thumb-title \" style=\"color:rgba(0,0,0,0.8);\"><div class = \"thumb-title-inner-wrap\">Club Med- Magazine<\/div><\/div><div class=\"portfolio-item-cats \" style=\"color:rgba(0,0,0,0.8);\"><div class = \"portfolio-item-cats-inner-wrap\"><span>Design<\/span><span> &middot; <\/span><span>Print<\/span><\/div><\/div><\/div><\/div><\/div><\/a><\/div><\/div><div class=\"element be-hoverlay not-wide no-wide-width-height  c_to_c\"style=\"margin-bottom: 30px;\" data-category-names = \"\"><div class=\"element-inner\" style=\"margin-left: 30px;\"><a href=\"https:\/\/mayki-art.com\/?portfolio=cotton-rebelle-creation\" class=\" thumb-wrap   \" data-gdpr-atts={} title=\"Pirate2\" ><div class=\"flip-wrap\" ><div   style = \"padding-bottom : 75.187969924812%;background-color:rgba(236,236,236,1);\" class=\"flip-img-wrap\"><img decoding=\"async\" src=\"https:\/\/mayki-art.com\/wp-content\/uploads\/2023\/08\/Pirate2.jpg\" alt=\"\"\/><\/div><\/div><div class=\"thumb-overlay \"><div class=\"thumb-bg \" style=\"background:rgba(255,255,255,1)\"><div class=\"thumb-title-wrap \"><div class=\"thumb-title \" style=\"color:rgba(0,0,0,0.8);\"><div class = \"thumb-title-inner-wrap\">Les P\u2019tits Explorateur \u2013 Jeu de piste<\/div><\/div><div class=\"portfolio-item-cats \" style=\"color:rgba(0,0,0,0.8);\"><div class = \"portfolio-item-cats-inner-wrap\"><span>Design<\/span><span> &middot; <\/span><span>illustration<\/span><\/div><\/div><\/div><\/div><\/div><\/a><\/div><\/div><div class=\"element be-hoverlay not-wide no-wide-width-height  c_to_c\"style=\"margin-bottom: 30px;\" data-category-names = \"\"><div class=\"element-inner\" style=\"margin-left: 30px;\"><a href=\"https:\/\/mayki-art.com\/?portfolio=ultron-war-application\" class=\" thumb-wrap   \" data-gdpr-atts={} title=\"Fond\" ><div class=\"flip-wrap\" ><div   style = \"padding-bottom : 75.187969924812%;background-color:rgba(236,236,236,1);\" class=\"flip-img-wrap\"><img decoding=\"async\" src=\"https:\/\/mayki-art.com\/wp-content\/uploads\/2023\/08\/Fond-650x489.png\" alt=\"\"\/><\/div><\/div><div class=\"thumb-overlay \"><div class=\"thumb-bg \" style=\"background:rgba(255,255,255,1)\"><div class=\"thumb-title-wrap \"><div class=\"thumb-title \" style=\"color:rgba(0,0,0,0.8);\"><div class = \"thumb-title-inner-wrap\">Am\u00e9lia Secret \u2013 Escape in the dark<\/div><\/div><div class=\"portfolio-item-cats \" style=\"color:rgba(0,0,0,0.8);\"><div class = \"portfolio-item-cats-inner-wrap\"><span>Design<\/span><span> &middot; <\/span><span>Jeux vid\u00e9o<\/span><span> &middot; <\/span><span>Print<\/span><\/div><\/div><\/div><\/div><\/div><\/a><\/div><\/div><div class=\"element be-hoverlay not-wide wide-height  c_to_c\"style=\"margin-bottom: 30px;\" data-category-names = \"\"><div class=\"element-inner\" style=\"margin-left: 30px;\"><a href=\"https:\/\/mayki-art.com\/?portfolio=duo-dartistes-exposition\" class=\" thumb-wrap   \" data-gdpr-atts={} title=\"IMG_7590\" ><div class=\"flip-wrap\" ><div   style = \"padding-bottom : 154.99132446501%;background-color:rgba(236,236,236,1);\" class=\"flip-img-wrap\"><img decoding=\"async\" src=\"https:\/\/mayki-art.com\/wp-content\/uploads\/2023\/10\/IMG_7590-650x978.jpg\" alt=\"\"\/><\/div><\/div><div class=\"thumb-overlay \"><div class=\"thumb-bg \" style=\"background:rgba(255,255,255,1)\"><div class=\"thumb-title-wrap \"><div class=\"thumb-title \" style=\"color:rgba(0,0,0,0.8);\"><div class = \"thumb-title-inner-wrap\">Duo D\u2019artistes \u2013 Exposition<\/div><\/div><div class=\"portfolio-item-cats \" style=\"color:rgba(0,0,0,0.8);\"><div class = \"portfolio-item-cats-inner-wrap\"><span>Design<\/span><span> &middot; <\/span><span>illustration<\/span><span> &middot; <\/span><span>Print<\/span><\/div><\/div><\/div><\/div><\/div><\/a><\/div><\/div><div class=\"element be-hoverlay not-wide no-wide-width-height  c_to_c\"style=\"margin-bottom: 30px;\" data-category-names = \"\"><div class=\"element-inner\" style=\"margin-left: 30px;\"><a href=\"https:\/\/mayki-art.com\/?portfolio=tealer\" class=\" thumb-wrap   \" data-gdpr-atts={} title=\"TEALER-1\" ><div class=\"flip-wrap\" ><div   style = \"padding-bottom : 75.187969924812%;background-color:rgba(236,236,236,1);\" class=\"flip-img-wrap\"><img decoding=\"async\" src=\"https:\/\/mayki-art.com\/wp-content\/uploads\/2023\/10\/TEALER-1-650x489.jpg\" alt=\"\"\/><\/div><\/div><div class=\"thumb-overlay \"><div class=\"thumb-bg \" style=\"background:rgba(255,255,255,1)\"><div class=\"thumb-title-wrap \"><div class=\"thumb-title \" style=\"color:rgba(0,0,0,0.8);\"><div class = \"thumb-title-inner-wrap\">Tealer<\/div><\/div><div class=\"portfolio-item-cats \" style=\"color:rgba(0,0,0,0.8);\"><div class = \"portfolio-item-cats-inner-wrap\"><span>Design<\/span><span> &middot; <\/span><span>Web<\/span><\/div><\/div><\/div><\/div><\/div><\/a><\/div><\/div><div class=\"element be-hoverlay not-wide no-wide-width-height  c_to_c\"style=\"margin-bottom: 30px;\" data-category-names = \"\"><div class=\"element-inner\" style=\"margin-left: 30px;\"><a href=\"https:\/\/mayki-art.com\/?portfolio=parc-flora-de-paris\" class=\" thumb-wrap   \" data-gdpr-atts={} title=\"Cover Parc floral\" ><div class=\"flip-wrap\" ><div   style = \"padding-bottom : 75.187969924812%;background-color:rgba(236,236,236,1);\" class=\"flip-img-wrap\"><img decoding=\"async\" src=\"https:\/\/mayki-art.com\/wp-content\/uploads\/2023\/08\/Cover-Parc-floral-650x489.jpg\" alt=\"\"\/><\/div><\/div><div class=\"thumb-overlay \"><div class=\"thumb-bg \" style=\"background:rgba(255,255,255,1)\"><div class=\"thumb-title-wrap \"><div class=\"thumb-title \" style=\"color:rgba(0,0,0,0.8);\"><div class = \"thumb-title-inner-wrap\">Parc Flora de Paris<\/div><\/div><div class=\"portfolio-item-cats \" style=\"color:rgba(0,0,0,0.8);\"><div class = \"portfolio-item-cats-inner-wrap\"><span>Design<\/span><span> &middot; <\/span><span>Web<\/span><\/div><\/div><\/div><\/div><\/div><\/a><\/div><\/div><div class=\"element be-hoverlay not-wide no-wide-width-height  c_to_c\"style=\"margin-bottom: 30px;\" data-category-names = \"\"><div class=\"element-inner\" style=\"margin-left: 30px;\"><a href=\"https:\/\/mayki-art.com\/?portfolio=nrj\" class=\" thumb-wrap   \" data-gdpr-atts={} title=\"A4-Landscape-Magazine-Mockup-vol2\" ><div class=\"flip-wrap\" ><div   style = \"padding-bottom : 75.187969924812%;background-color:rgba(236,236,236,1);\" class=\"flip-img-wrap\"><img decoding=\"async\" src=\"https:\/\/mayki-art.com\/wp-content\/uploads\/2023\/08\/A4-Landscape-Magazine-Mockup-vol2.png\" alt=\"\"\/><\/div><\/div><div class=\"thumb-overlay \"><div class=\"thumb-bg \" style=\"background:rgba(255,255,255,1)\"><div class=\"thumb-title-wrap \"><div class=\"thumb-title \" style=\"color:rgba(0,0,0,0.8);\"><div class = \"thumb-title-inner-wrap\">NRJ GROUP<\/div><\/div><div class=\"portfolio-item-cats \" style=\"color:rgba(0,0,0,0.8);\"><div class = \"portfolio-item-cats-inner-wrap\"><span>Design<\/span><span> &middot; <\/span><span>Print<\/span><span> &middot; <\/span><span>Web<\/span><\/div><\/div><\/div><\/div><\/div><\/a><\/div><\/div><div class=\"element be-hoverlay not-wide no-wide-width-height  c_to_c\"style=\"margin-bottom: 30px;\" data-category-names = \"\"><div class=\"element-inner\" style=\"margin-left: 30px;\"><a href=\"https:\/\/mayki-art.com\/?portfolio=time-travellers\" class=\" thumb-wrap   \" data-gdpr-atts={} title=\"LOGO\" ><div class=\"flip-wrap\" ><div   style = \"padding-bottom : 75.187969924812%;background-color:rgba(236,236,236,1);\" class=\"flip-img-wrap\"><img decoding=\"async\" src=\"https:\/\/mayki-art.com\/wp-content\/uploads\/2023\/10\/LOGO-scaled.jpg\" alt=\"\"\/><\/div><\/div><div class=\"thumb-overlay \"><div class=\"thumb-bg \" style=\"background:rgba(255,255,255,1)\"><div class=\"thumb-title-wrap \"><div class=\"thumb-title \" style=\"color:rgba(0,0,0,0.8);\"><div class = \"thumb-title-inner-wrap\">Time Travellers_- Jeu d\u2019Action et r\u00e9flexion<\/div><\/div><div class=\"portfolio-item-cats \" style=\"color:rgba(0,0,0,0.8);\"><div class = \"portfolio-item-cats-inner-wrap\"><span>Design<\/span><span> &middot; <\/span><span>Jeux vid\u00e9o<\/span><\/div><\/div><\/div><\/div><\/div><\/a><\/div><\/div><div class=\"element be-hoverlay not-wide no-wide-width-height  c_to_c\"style=\"margin-bottom: 30px;\" data-category-names = \"\"><div class=\"element-inner\" style=\"margin-left: 30px;\"><a href=\"https:\/\/mayki-art.com\/?portfolio=dans-ma-tete-illustrations\" class=\" thumb-wrap   \" data-gdpr-atts={} title=\"Octopus\" ><div class=\"flip-wrap\" ><div   style = \"padding-bottom : 75.187969924812%;background-color:rgba(236,236,236,1);\" class=\"flip-img-wrap\"><img decoding=\"async\" src=\"https:\/\/mayki-art.com\/wp-content\/uploads\/2023\/10\/Octopus-650x489.jpg\" alt=\"\"\/><\/div><\/div><div class=\"thumb-overlay \"><div class=\"thumb-bg \" style=\"background:rgba(255,255,255,1)\"><div class=\"thumb-title-wrap \"><div class=\"thumb-title \" style=\"color:rgba(0,0,0,0.8);\"><div class = \"thumb-title-inner-wrap\">Dans ma t\u00eate \u2013 Illustrations<\/div><\/div><div class=\"portfolio-item-cats \" style=\"color:rgba(0,0,0,0.8);\"><div class = \"portfolio-item-cats-inner-wrap\"><span>illustration<\/span><span> &middot; <\/span><span>Print<\/span><\/div><\/div><\/div><\/div><\/div><\/a><\/div><\/div><div class=\"element be-hoverlay not-wide no-wide-width-height  c_to_c\"style=\"margin-bottom: 30px;\" data-category-names = \"\"><div class=\"element-inner\" style=\"margin-left: 30px;\"><a href=\"https:\/\/mayki-art.com\/?portfolio=cote-a-cote-publicite\" class=\" thumb-wrap   \" data-gdpr-atts={} title=\"CaC_phone\" ><div class=\"flip-wrap\" ><div   style = \"padding-bottom : 75.187969924812%;background-color:rgba(236,236,236,1);\" class=\"flip-img-wrap\"><img decoding=\"async\" src=\"https:\/\/mayki-art.com\/wp-content\/uploads\/2023\/10\/CaC_phone-650x489.jpg\" alt=\"\"\/><\/div><\/div><div class=\"thumb-overlay \"><div class=\"thumb-bg \" style=\"background:rgba(255,255,255,1)\"><div class=\"thumb-title-wrap \"><div class=\"thumb-title \" style=\"color:rgba(0,0,0,0.8);\"><div class = \"thumb-title-inner-wrap\">C\u00f4te \u00e0 C\u00f4te \u2013 Publicit\u00e9<\/div><\/div><div class=\"portfolio-item-cats \" style=\"color:rgba(0,0,0,0.8);\"><div class = \"portfolio-item-cats-inner-wrap\"><span>Mobile<\/span><span> &middot; <\/span><span>Print<\/span><span> &middot; <\/span><span>Web<\/span><\/div><\/div><\/div><\/div><\/div><\/a><\/div><\/div><div class=\"element be-hoverlay not-wide no-wide-width-height  c_to_c\"style=\"margin-bottom: 30px;\" data-category-names = \"\"><div class=\"element-inner\" style=\"margin-left: 30px;\"><a href=\"https:\/\/mayki-art.com\/?portfolio=but-les-magasins\" class=\" thumb-wrap   \" data-gdpr-atts={} title=\"Perspective App Screens Mock-Up\" ><div class=\"flip-wrap\" ><div   style = \"padding-bottom : 75.187969924812%;background-color:rgba(236,236,236,1);\" class=\"flip-img-wrap\"><img decoding=\"async\" src=\"https:\/\/mayki-art.com\/wp-content\/uploads\/2023\/10\/Perspective-App-Screens-Mock-Up-650x489.jpg\" alt=\"\"\/><\/div><\/div><div class=\"thumb-overlay \"><div class=\"thumb-bg \" style=\"background:rgba(255,255,255,1)\"><div class=\"thumb-title-wrap \"><div class=\"thumb-title \" style=\"color:rgba(0,0,0,0.8);\"><div class = \"thumb-title-inner-wrap\">BUT Les magasins<\/div><\/div><div class=\"portfolio-item-cats \" style=\"color:rgba(0,0,0,0.8);\"><div class = \"portfolio-item-cats-inner-wrap\"><span>Design<\/span><span> &middot; <\/span><span>Print<\/span><span> &middot; <\/span><span>Web<\/span><\/div><\/div><\/div><\/div><\/div><\/a><\/div><\/div><div class=\"element be-hoverlay not-wide no-wide-width-height  c_to_c\"style=\"margin-bottom: 30px;\" data-category-names = \"\"><div class=\"element-inner\" style=\"margin-left: 30px;\"><a href=\"https:\/\/mayki-art.com\/?portfolio=coiffance-magazine\" class=\" thumb-wrap   \" data-gdpr-atts={} title=\"Magazine-USLetter-A4-Mockup-Template\" ><div class=\"flip-wrap\" ><div   style = \"padding-bottom : 75.187969924812%;background-color:rgba(236,236,236,1);\" class=\"flip-img-wrap\"><img decoding=\"async\" src=\"https:\/\/mayki-art.com\/wp-content\/uploads\/2023\/08\/Magazine-USLetter-A4-Mockup-Template.png\" alt=\"\"\/><\/div><\/div><div class=\"thumb-overlay \"><div class=\"thumb-bg \" style=\"background:rgba(255,255,255,1)\"><div class=\"thumb-title-wrap \"><div class=\"thumb-title \" style=\"color:rgba(0,0,0,0.8);\"><div class = \"thumb-title-inner-wrap\">Coiffance \u2013 Magazine MCB<\/div><\/div><div class=\"portfolio-item-cats \" style=\"color:rgba(0,0,0,0.8);\"><div class = \"portfolio-item-cats-inner-wrap\"><span>Design<\/span><span> &middot; <\/span><span>Print<\/span><\/div><\/div><\/div><\/div><\/div><\/a><\/div><\/div><\/div><\/div><\/div><\/div><\/div><div class = \"tatsu-column-bg-image-wrap\"><div class = \"tatsu-column-bg-image\" ><\/div><\/div><\/div><style>.tatsu-row > .tatsu-fqpawzeiqpc180lx.tatsu-column{width: 100%;}.tatsu-fqpawzeiqpc180lx.tatsu-column > .tatsu-column-inner > .tatsu-column-overlay{mix-blend-mode: none;}.tatsu-fqpawzeiqpc180lx > .tatsu-column-inner > .tatsu-top-divider{z-index: 9999;}.tatsu-fqpawzeiqpc180lx > .tatsu-column-inner > .tatsu-bottom-divider{z-index: 9999;}.tatsu-fqpawzeiqpc180lx > .tatsu-column-inner > .tatsu-left-divider{z-index: 9999;}.tatsu-fqpawzeiqpc180lx > .tatsu-column-inner > .tatsu-right-divider{z-index: 9999;}<\/style><\/div><\/div><\/div><\/div><div class=\"tatsu-section-background-wrap\"><div class = \"tatsu-section-background\" ><\/div><\/div><style>.tatsu-fqpawzeipt5lugj.tatsu-section{background-color: rgba(255,255,255,1);}.tatsu-fqpawzeipt5lugj .tatsu-section-pad{padding: 0px 0% 90px 0% ;}.tatsu-fqpawzeipt5lugj > .tatsu-bottom-divider{z-index: 9999;}.tatsu-fqpawzeipt5lugj > .tatsu-top-divider{z-index: 9999;}<\/style><\/div>\n","protected":false},"excerpt":{"rendered":"<p><a href=\"https:\/\/mayki-art.com\/?portfolio=coiffance-magazine\" class=\"more-link style1-button\">Read More<\/a><\/p>","protected":false},"author":1,"featured_media":0,"parent":0,"menu_order":0,"comment_status":"closed","ping_status":"closed","template":"","meta":{"footnotes":""},"class_list":["post-3667","page","type-page","status-publish","hentry"],"_links":{"self":[{"href":"https:\/\/mayki-art.com\/index.php?rest_route=\/wp\/v2\/pages\/3667","targetHints":{"allow":["GET"]}}],"collection":[{"href":"https:\/\/mayki-art.com\/index.php?rest_route=\/wp\/v2\/pages"}],"about":[{"href":"https:\/\/mayki-art.com\/index.php?rest_route=\/wp\/v2\/types\/page"}],"author":[{"embeddable":true,"href":"https:\/\/mayki-art.com\/index.php?rest_route=\/wp\/v2\/users\/1"}],"replies":[{"embeddable":true,"href":"https:\/\/mayki-art.com\/index.php?rest_route=%2Fwp%2Fv2%2Fcomments&post=3667"}],"version-history":[{"count":7,"href":"https:\/\/mayki-art.com\/index.php?rest_route=\/wp\/v2\/pages\/3667\/revisions"}],"predecessor-version":[{"id":3962,"href":"https:\/\/mayki-art.com\/index.php?rest_route=\/wp\/v2\/pages\/3667\/revisions\/3962"}],"wp:attachment":[{"href":"https:\/\/mayki-art.com\/index.php?rest_route=%2Fwp%2Fv2%2Fmedia&parent=3667"}],"curies":[{"name":"wp","href":"https:\/\/api.w.org\/{rel}","templated":true}]}}